{"id":89,"date":"2025-03-28T19:57:50","date_gmt":"2025-03-28T18:57:50","guid":{"rendered":"https:\/\/fiaup24.umh.es\/?page_id=89"},"modified":"2025-03-28T20:13:24","modified_gmt":"2025-03-28T19:13:24","slug":"inscripcion","status":"publish","type":"page","link":"https:\/\/fiaup24.umh.es\/ca\/inscripcion\/","title":{"rendered":"<span lang=\"es\">(Espa\u00f1ol) Inscripci\u00f3n<\/span>"},"content":{"rendered":"<p>[et_pb_section fb_built=&#8221;1&#8243; _builder_version=&#8221;4.17.4&#8243; _module_preset=&#8221;default&#8221; background_color=&#8221;#b3b3b3&#8243; background_image=&#8221;https:\/\/fiaup24.umh.es\/files\/2025\/03\/2bannerIA.jpg&#8221; width=&#8221;100%&#8221; module_alignment=&#8221;center&#8221; height=&#8221;270px&#8221; height_tablet=&#8221;270px&#8221; height_phone=&#8221;270px&#8221; height_last_edited=&#8221;on|phone&#8221; collapsed=&#8221;off&#8221; global_colors_info=&#8221;{}&#8221;][et_pb_row _builder_version=&#8221;4.17.4&#8243; _module_preset=&#8221;default&#8221; custom_margin_tablet=&#8221;&#8221; custom_margin_phone=&#8221;-30px||||false|false&#8221; custom_margin_last_edited=&#8221;on|phone&#8221; global_colors_info=&#8221;{}&#8221;][et_pb_column type=&#8221;4_4&#8243; _builder_version=&#8221;4.17.4&#8243; _module_preset=&#8221;default&#8221; global_colors_info=&#8221;{}&#8221;][et_pb_text _builder_version=&#8221;4.17.4&#8243; _module_preset=&#8221;default&#8221; text_font=&#8221;|700|||||||&#8221; text_text_color=&#8221;#FFFFFF&#8221; text_font_size=&#8221;40px&#8221; text_line_height=&#8221;1.5em&#8221; global_colors_info=&#8221;{}&#8221;]<\/p>\n<p><span style=\"color: #ffffff\"><strong>Fundamentos IA usando Python &#8211; 2024<\/strong><\/span><\/p>\n<p>[\/et_pb_text][\/et_pb_column][\/et_pb_row][\/et_pb_section][et_pb_section fb_built=&#8221;1&#8243; _builder_version=&#8221;4.17.4&#8243; _module_preset=&#8221;default&#8221; background_color=&#8221;#FFFFFF&#8221; background_enable_image=&#8221;off&#8221; background_blend=&#8221;overlay&#8221; min_height=&#8221;564px&#8221; custom_margin=&#8221;-17px|||||&#8221; custom_padding=&#8221;21px|||||&#8221; global_colors_info=&#8221;{}&#8221;][et_pb_row _builder_version=&#8221;4.17.4&#8243; _module_preset=&#8221;default&#8221; transform_scale_tablet=&#8221;&#8221; transform_scale_phone=&#8221;&#8221; transform_scale_last_edited=&#8221;on|phone&#8221; transform_translate=&#8221;0px|79px&#8221; transform_translate_tablet=&#8221;0px|79px&#8221; transform_translate_phone=&#8221;0px|0px&#8221; transform_translate_last_edited=&#8221;on|desktop&#8221; transform_translate_linked=&#8221;off&#8221; transform_rotate_tablet=&#8221;&#8221; transform_rotate_phone=&#8221;&#8221; transform_rotate_last_edited=&#8221;on|desktop&#8221; transform_skew_tablet=&#8221;&#8221; transform_skew_phone=&#8221;&#8221; transform_skew_last_edited=&#8221;on|desktop&#8221; transform_origin_tablet=&#8221;&#8221; transform_origin_phone=&#8221;&#8221; transform_origin_last_edited=&#8221;on|desktop&#8221; transform_styles_last_edited=&#8221;on|phone&#8221; min_height=&#8221;919.8px&#8221; custom_padding=&#8221;6px||76px||false|false&#8221; transform_styles_tablet=&#8221;&#8221; transform_styles_phone=&#8221;&#8221; global_colors_info=&#8221;{}&#8221;][et_pb_column type=&#8221;4_4&#8243; _builder_version=&#8221;4.17.4&#8243; _module_preset=&#8221;default&#8221; global_colors_info=&#8221;{}&#8221;][et_pb_text _builder_version=&#8221;4.17.4&#8243; _module_preset=&#8221;default&#8221; text_font=&#8221;Heebo|500|||||||&#8221; header_font=&#8221;Overpass||||||||&#8221; header_2_font=&#8221;Heebo|600|||||||&#8221; text_orientation=&#8221;right&#8221; width=&#8221;100%&#8221; max_width_tablet=&#8221;95%&#8221; max_width_phone=&#8221;95%&#8221; max_width_last_edited=&#8221;on|tablet&#8221; module_alignment=&#8221;right&#8221; custom_margin=&#8221;0px||||false|false&#8221; custom_padding=&#8221;||0px|||&#8221; inline_fonts=&#8221;Heebo&#8221; global_colors_info=&#8221;{}&#8221;]<\/p>\n<h1 style=\"text-align: left\">Inscripci\u00f3n<\/h1>\n<p>[\/et_pb_text][et_pb_text _builder_version=&#8221;4.17.4&#8243; _module_preset=&#8221;default&#8221; text_font_size=&#8221;16px&#8221; global_colors_info=&#8221;{}&#8221;]<\/p>\n<p>Este curso est\u00e1 financiado completamente por el Banco Santander a trav\u00e9s de convenio suscrito con la UMH por el que se convocar\u00e1n <strong>500 plazas <\/strong>para estudiantes de doctorado, grado o m\u00e1ster oficial de la Universidad Miguel Hern\u00e1ndez de Elche, preferentemente de ramas diferentes a la Ingenier\u00eda.<\/p>\n<p>El estudiante no tendr\u00e1 que abonar tasa de matr\u00edcula alguna.<\/p>\n<p>La <strong>preinscripci\u00f3n<\/strong> en el curso se realizar\u00e1 a trav\u00e9s de la Plataforma Santander Open Academy: <a href=\"https:\/\/app.santanderopenacademy.com\/es\/program\/fundamentos-de-inteligencia-artificial-usando-python-4a-y-5a-edicion\" target=\"_blank\" rel=\"noopener\">https:\/\/app.santanderopenacademy.com\/es\/program\/fundamentos-de-inteligencia-artificial-usando-python-4a-y-5a-edicion<\/a>, donde<\/p>\n<ul>\n<li>Los estudiantes deber\u00e1n aportar el certificado acad\u00e9mico de estar matriculado en un grado, m\u00e1ster oficial o doctorado de la UMH. Es suficiente aportar un &#8220;extracto sin validez acad\u00e9mica&#8221; de notas desde su acceso personalizado en formato PDF, accediendo a Universite&gt;&#8221;Buscar Aplicaciones&#8221;&gt;&#8221;Expediente Acad\u00e9mico&#8221;.<\/li>\n<li>Los estudiantes deber\u00e1n indicar su correo institucional de estudiante UMH: &#8220;login@goumh.umh.es&#8221; o bien su alias &#8220;login@alu.umh.es&#8221;<\/li>\n<\/ul>\n<p>La <strong>selecci\u00f3n<\/strong> de participantes se realizar\u00e1 por riguroso orden de preinscripci\u00f3n hasta completar el tama\u00f1o m\u00e1ximo del grupo que ser\u00e1 de 100 estudiantes.<\/p>\n<p>&nbsp;<\/p>\n<p><span style=\"text-decoration: line-through\"><strong>Plazo de preinscipci\u00f3n para la 1\u00aa y 2\u00aa edici\u00f3n del curso<\/strong>: del 19 de febrero al 8 de marzo de 2024<\/span><\/p>\n<p><span style=\"text-decoration: line-through\"><strong>Selecci\u00f3n de las primeras 200 plazas<\/strong>: 15 de marzo de 2024<\/span><\/p>\n<p><span style=\"text-decoration: line-through\"><strong>Plazo de preinscipci\u00f3n para la 3\u00aa edici\u00f3n del curso<\/strong>: del 10 de junio al 1 de julio de 2024<\/span><\/p>\n<p><span style=\"text-decoration: line-through\"><strong>Selecci\u00f3n de las primeras 100 plazas<\/strong>: 10 de julio de 2024<\/span><\/p>\n<p><strong>Plazo de preinscipci\u00f3n para la 4\u00aa y 5\u00aa edici\u00f3n del curso<\/strong>: <span style=\"text-decoration: line-through\">del 9 al 30 de septiembre de 2024<\/span> &#8211; <span style=\"color: #ff0000\">ampliado hasta el 3 de octubre de 2024<\/span>\u00a0<\/p>\n<p><strong>Selecci\u00f3n de las primeras 200 plazas<\/strong>: 8 de octubre de 2024<\/p>\n<p>&nbsp;<\/p>\n<p>Para cualquier duda sobre este curso, env\u00eda un correo a fiaup@umh.es<\/p>\n<p>&nbsp;<\/p>\n<p>[\/et_pb_text][\/et_pb_column][\/et_pb_row][\/et_pb_section]<\/p>\n","protected":false},"excerpt":{"rendered":"<p>Fundamentos IA usando Python &#8211; 2024Inscripci\u00f3nEste curso est\u00e1 financiado completamente por el Banco Santander a trav\u00e9s de convenio suscrito con la UMH por el que se convocar\u00e1n 500 plazas para estudiantes de doctorado, grado o m\u00e1ster oficial de la Universidad Miguel Hern\u00e1ndez de Elche, preferentemente de ramas diferentes a la Ingenier\u00eda. El estudiante no tendr\u00e1 [&hellip;]<\/p>\n","protected":false},"author":19,"featured_media":0,"parent":0,"menu_order":0,"comment_status":"closed","ping_status":"closed","template":"","meta":{"_et_pb_use_builder":"on","_et_pb_old_content":"","_et_gb_content_width":"","_links_to":"","_links_to_target":""},"_links":{"self":[{"href":"https:\/\/fiaup24.umh.es\/ca\/wp-json\/wp\/v2\/pages\/89"}],"collection":[{"href":"https:\/\/fiaup24.umh.es\/ca\/wp-json\/wp\/v2\/pages"}],"about":[{"href":"https:\/\/fiaup24.umh.es\/ca\/wp-json\/wp\/v2\/types\/page"}],"author":[{"embeddable":true,"href":"https:\/\/fiaup24.umh.es\/ca\/wp-json\/wp\/v2\/users\/19"}],"replies":[{"embeddable":true,"href":"https:\/\/fiaup24.umh.es\/ca\/wp-json\/wp\/v2\/comments?post=89"}],"version-history":[{"count":0,"href":"https:\/\/fiaup24.umh.es\/ca\/wp-json\/wp\/v2\/pages\/89\/revisions"}],"wp:attachment":[{"href":"https:\/\/fiaup24.umh.es\/ca\/wp-json\/wp\/v2\/media?parent=89"}],"curies":[{"name":"wp","href":"https:\/\/api.w.org\/{rel}","templated":true}]}}