{"id":110,"date":"2025-03-28T20:00:06","date_gmt":"2025-03-28T19:00:06","guid":{"rendered":"https:\/\/fiaup24.umh.es\/?page_id=110"},"modified":"2025-03-28T20:12:36","modified_gmt":"2025-03-28T19:12:36","slug":"programacion","status":"publish","type":"page","link":"https:\/\/fiaup24.umh.es\/en\/programacion\/","title":{"rendered":"<span lang=\"es\">(Espa\u00f1ol) Programaci\u00f3n<\/span>"},"content":{"rendered":"<p>[et_pb_section fb_built=&#8221;1&#8243; _builder_version=&#8221;4.17.4&#8243; _module_preset=&#8221;default&#8221; background_color=&#8221;#b3b3b3&#8243; background_image=&#8221;https:\/\/fiaup24.umh.es\/files\/2025\/03\/2bannerIA.jpg&#8221; width=&#8221;100%&#8221; module_alignment=&#8221;center&#8221; height=&#8221;270px&#8221; height_tablet=&#8221;270px&#8221; height_phone=&#8221;270px&#8221; height_last_edited=&#8221;on|phone&#8221; collapsed=&#8221;off&#8221; global_colors_info=&#8221;{}&#8221;][et_pb_row _builder_version=&#8221;4.17.4&#8243; _module_preset=&#8221;default&#8221; custom_margin_tablet=&#8221;&#8221; custom_margin_phone=&#8221;-30px||||false|false&#8221; custom_margin_last_edited=&#8221;on|phone&#8221; global_colors_info=&#8221;{}&#8221;][et_pb_column type=&#8221;4_4&#8243; _builder_version=&#8221;4.17.4&#8243; _module_preset=&#8221;default&#8221; global_colors_info=&#8221;{}&#8221;][et_pb_text _builder_version=&#8221;4.17.4&#8243; _module_preset=&#8221;default&#8221; text_font=&#8221;|700|||||||&#8221; text_text_color=&#8221;#FFFFFF&#8221; text_font_size=&#8221;40px&#8221; text_line_height=&#8221;1.5em&#8221; global_colors_info=&#8221;{}&#8221;]<\/p>\n<p><span style=\"color: #ffffff\"><strong>Fundamentos IA usando Python &#8211; 2024<\/strong><\/span><\/p>\n<p>[\/et_pb_text][\/et_pb_column][\/et_pb_row][\/et_pb_section][et_pb_section fb_built=&#8221;1&#8243; _builder_version=&#8221;4.17.4&#8243; _module_preset=&#8221;default&#8221; background_color=&#8221;#FFFFFF&#8221; background_enable_image=&#8221;off&#8221; background_blend=&#8221;overlay&#8221; min_height=&#8221;564px&#8221; custom_margin=&#8221;-17px|||||&#8221; custom_padding=&#8221;21px|||||&#8221; global_colors_info=&#8221;{}&#8221;][et_pb_row _builder_version=&#8221;4.17.4&#8243; _module_preset=&#8221;default&#8221; transform_scale_tablet=&#8221;&#8221; transform_scale_phone=&#8221;&#8221; transform_scale_last_edited=&#8221;on|phone&#8221; transform_translate=&#8221;0px|79px&#8221; transform_translate_tablet=&#8221;0px|79px&#8221; transform_translate_phone=&#8221;0px|0px&#8221; transform_translate_last_edited=&#8221;on|desktop&#8221; transform_translate_linked=&#8221;off&#8221; transform_rotate_tablet=&#8221;&#8221; transform_rotate_phone=&#8221;&#8221; transform_rotate_last_edited=&#8221;on|desktop&#8221; transform_skew_tablet=&#8221;&#8221; transform_skew_phone=&#8221;&#8221; transform_skew_last_edited=&#8221;on|desktop&#8221; transform_origin_tablet=&#8221;&#8221; transform_origin_phone=&#8221;&#8221; transform_origin_last_edited=&#8221;on|desktop&#8221; transform_styles_last_edited=&#8221;on|phone&#8221; min_height=&#8221;919.8px&#8221; custom_padding=&#8221;6px||76px||false|false&#8221; transform_styles_tablet=&#8221;&#8221; transform_styles_phone=&#8221;&#8221; global_colors_info=&#8221;{}&#8221;][et_pb_column type=&#8221;4_4&#8243; _builder_version=&#8221;4.17.4&#8243; _module_preset=&#8221;default&#8221; global_colors_info=&#8221;{}&#8221;][et_pb_text _builder_version=&#8221;4.17.4&#8243; _module_preset=&#8221;default&#8221; text_font=&#8221;Heebo|500|||||||&#8221; header_font=&#8221;Overpass||||||||&#8221; header_2_font=&#8221;Heebo|600|||||||&#8221; text_orientation=&#8221;right&#8221; width=&#8221;100%&#8221; max_width_tablet=&#8221;95%&#8221; max_width_phone=&#8221;95%&#8221; max_width_last_edited=&#8221;on|tablet&#8221; module_alignment=&#8221;right&#8221; custom_margin=&#8221;0px||||false|false&#8221; custom_padding=&#8221;||0px|||&#8221; inline_fonts=&#8221;Heebo&#8221; global_colors_info=&#8221;{}&#8221;]<\/p>\n<h1 style=\"text-align: left\">Programaci\u00f3n<\/h1>\n<p>[\/et_pb_text][et_pb_text _builder_version=&#8221;4.17.4&#8243; _module_preset=&#8221;default&#8221; text_font_size=&#8221;16px&#8221; global_colors_info=&#8221;{}&#8221;]<\/p>\n<p>La duraci\u00f3n del curso es de 25 horas (2,5 ECTS).<\/p>\n<p>Se impartir\u00e1n 5 ediciones del curso a lo largo de 2024:<\/p>\n<p><strong>1\u00aa edici\u00f3n (de 9 a 11h) y 2\u00aa edici\u00f3n (de 16 a 18h)<\/strong> los lunes y mi\u00e9rcoles con el siguiente calendario de meses y d\u00edas:<\/p>\n<ul>\n<li>Marzo 2024: d\u00edas 20,22,25,27<\/li>\n<li>Abril 2024: d\u00edas 10, 12, 15,17,22,24, 29<\/li>\n<li>Mayo 2024: d\u00eda 2<\/li>\n<\/ul>\n<p>&nbsp;<\/p>\n<p><strong>3\u00aa edici\u00f3n (de 9 a 11h y de 11:30 a 13:30h) <\/strong>los lunes, martes y mi\u00e9rcoles con el siguiente calendario de meses y d\u00edas:<\/p>\n<ul>\n<li>Julio 2024: 15, 16,17, 22, 23,24.<\/li>\n<\/ul>\n<p><strong>\u00a0<\/strong><\/p>\n<p><strong>4\u00aa edici\u00f3n (de 9 a 11h) y 5\u00aa edici\u00f3n (de 16 a 18h)<\/strong> los lunes y mi\u00e9rcoles con el siguiente calendario de meses y d\u00edas:<\/p>\n<ul>\n<li>Octubre 2024: d\u00edas 14,16,21,23,28,30.<\/li>\n<li>Noviembre 2024: d\u00edas 4,6,11,13,18,20.<\/li>\n<\/ul>\n<p>En todas las ediciones, la primera clase ser\u00e1 de 3 horas.<\/p>\n<p>En la 3\u00aa edici\u00f3n, el primer d\u00eda de clase ser\u00e1 de 9 a 12h y de 12,30 a 14,30h.<\/p>\n<p>[\/et_pb_text][\/et_pb_column][\/et_pb_row][\/et_pb_section]<\/p>\n","protected":false},"excerpt":{"rendered":"<p>Fundamentos IA usando Python &#8211; 2024Programaci\u00f3nLa duraci\u00f3n del curso es de 25 horas (2,5 ECTS). Se impartir\u00e1n 5 ediciones del curso a lo largo de 2024: 1\u00aa edici\u00f3n (de 9 a 11h) y 2\u00aa edici\u00f3n (de 16 a 18h) los lunes y mi\u00e9rcoles con el siguiente calendario de meses y d\u00edas: Marzo 2024: d\u00edas 20,22,25,27 [&hellip;]<\/p>\n","protected":false},"author":19,"featured_media":0,"parent":0,"menu_order":0,"comment_status":"closed","ping_status":"closed","template":"","meta":{"_et_pb_use_builder":"on","_et_pb_old_content":"","_et_gb_content_width":"","_links_to":"","_links_to_target":""},"_links":{"self":[{"href":"https:\/\/fiaup24.umh.es\/en\/wp-json\/wp\/v2\/pages\/110"}],"collection":[{"href":"https:\/\/fiaup24.umh.es\/en\/wp-json\/wp\/v2\/pages"}],"about":[{"href":"https:\/\/fiaup24.umh.es\/en\/wp-json\/wp\/v2\/types\/page"}],"author":[{"embeddable":true,"href":"https:\/\/fiaup24.umh.es\/en\/wp-json\/wp\/v2\/users\/19"}],"replies":[{"embeddable":true,"href":"https:\/\/fiaup24.umh.es\/en\/wp-json\/wp\/v2\/comments?post=110"}],"version-history":[{"count":0,"href":"https:\/\/fiaup24.umh.es\/en\/wp-json\/wp\/v2\/pages\/110\/revisions"}],"wp:attachment":[{"href":"https:\/\/fiaup24.umh.es\/en\/wp-json\/wp\/v2\/media?parent=110"}],"curies":[{"name":"wp","href":"https:\/\/api.w.org\/{rel}","templated":true}]}}